{"id":41495,"date":"2024-04-11T17:13:22","date_gmt":"2024-04-11T15:13:22","guid":{"rendered":"https:\/\/pilot-shop.es\/?post_type=product&#038;p=41495"},"modified":"2024-04-11T17:19:49","modified_gmt":"2024-04-11T15:19:49","slug":"curso-de-iniciacion-a-ultraligero","status":"publish","type":"product","link":"https:\/\/pilot-shop.es\/es\/shop\/tarjetas-regalo\/curso-de-iniciacion-a-ultraligero\/","title":{"rendered":"Curso de iniciaci\u00f3n a Ultraligero"},"content":{"rendered":"","protected":false},"excerpt":{"rendered":"<p>Regala este curso a quienes quieran experimentar m\u00e1s que un vuelo de iniciaci\u00f3n. \u00c9ste, consta de dos clases te\u00f3ricas en primer lugar, y una vez hechas, el alumno pasar\u00e1 a realizar dos vuelos de 45 min cada uno donde se pondr\u00e1 al control de la aeronave.<\/p>\n","protected":false},"featured_media":39701,"comment_status":"closed","ping_status":"closed","template":"","meta":[],"product_cat":[482],"product_tag":[],"class_list":{"0":"post-41495","1":"product","2":"type-product","3":"status-publish","4":"has-post-thumbnail","6":"product_cat-tarjetas-regalo","8":"first","9":"instock","10":"shipping-taxable","11":"purchasable","12":"product-type-wgm_gift_card"},"_links":{"self":[{"href":"https:\/\/pilot-shop.es\/es\/wp-json\/wp\/v2\/product\/41495","targetHints":{"allow":["GET"]}}],"collection":[{"href":"https:\/\/pilot-shop.es\/es\/wp-json\/wp\/v2\/product"}],"about":[{"href":"https:\/\/pilot-shop.es\/es\/wp-json\/wp\/v2\/types\/product"}],"replies":[{"embeddable":true,"href":"https:\/\/pilot-shop.es\/es\/wp-json\/wp\/v2\/comments?post=41495"}],"wp:featuredmedia":[{"embeddable":true,"href":"https:\/\/pilot-shop.es\/es\/wp-json\/wp\/v2\/media\/39701"}],"wp:attachment":[{"href":"https:\/\/pilot-shop.es\/es\/wp-json\/wp\/v2\/media?parent=41495"}],"wp:term":[{"taxonomy":"product_cat","embeddable":true,"href":"https:\/\/pilot-shop.es\/es\/wp-json\/wp\/v2\/product_cat?post=41495"},{"taxonomy":"product_tag","embeddable":true,"href":"https:\/\/pilot-shop.es\/es\/wp-json\/wp\/v2\/product_tag?post=41495"}],"curies":[{"name":"wp","href":"https:\/\/api.w.org\/{rel}","templated":true}]}}